{"id":268,"date":"2025-09-23T19:28:04","date_gmt":"2025-09-23T19:28:04","guid":{"rendered":"https:\/\/nearbridgeglobal.com\/es\/?page_id=268"},"modified":"2026-01-06T17:48:44","modified_gmt":"2026-01-06T22:48:44","slug":"certificados","status":"publish","type":"page","link":"https:\/\/nearbridgeglobal.com\/es\/certificados\/","title":{"rendered":"Cumplimiento y Certificaciones"},"content":{"rendered":"\t\t<div data-elementor-type=\"wp-page\" data-elementor-id=\"268\" class=\"elementor elementor-268\" data-elementor-post-type=\"page\">\n\t\t\t\t<div class=\"elementor-element elementor-element-b29c577 e-con-full e-flex e-con e-parent\" data-id=\"b29c577\" data-element_type=\"container\">\n\t\t<div class=\"elementor-element elementor-element-371bc06 e-flex e-con-boxed e-con e-child\" data-id=\"371bc06\" data-element_type=\"container\" data-settings=\"{&quot;background_background&quot;:&quot;classic&quot;}\">\n\t\t\t\t\t<div class=\"e-con-inner\">\n\t\t<div class=\"elementor-element elementor-element-fed89e8 e-con-full e-flex e-con e-child\" data-id=\"fed89e8\" data-element_type=\"container\">\n\t\t\t\t<\/div>\n\t\t\t\t\t<\/div>\n\t\t\t\t<\/div>\n\t\t\t\t<\/div>\n\t\t<div class=\"elementor-element elementor-element-3e54158 e-flex e-con-boxed e-con e-parent\" data-id=\"3e54158\" data-element_type=\"container\" data-settings=\"{&quot;background_background&quot;:&quot;classic&quot;}\">\n\t\t\t\t\t<div class=\"e-con-inner\">\n\t\t<div class=\"elementor-element elementor-element-3893a3c e-con-full e-flex e-con e-child\" data-id=\"3893a3c\" data-element_type=\"container\">\n\t\t\t\t<div class=\"elementor-element elementor-element-15d5c8d elementor-widget elementor-widget-heading\" data-id=\"15d5c8d\" data-element_type=\"widget\" data-widget_type=\"heading.default\">\n\t\t\t\t\t<h2 class=\"elementor-heading-title elementor-size-default\"><span style=\"color:#c19d61\">Cumplimiento <\/span> y Certificaciones\n<\/h2>\t\t\t\t<\/div>\n\t\t\t\t<div class=\"elementor-element elementor-element-6050bab elementor-widget elementor-widget-text-editor\" data-id=\"6050bab\" data-element_type=\"widget\" data-widget_type=\"text-editor.default\">\n\t\t\t\t\t\t\t\t\t<p><span style=\"font-weight: 400;\">En Nearbridge, la seguridad, el cumplimiento y la transparencia no son opcionales: son la base de todo lo que hacemos. Nuestros clientes en EE. UU. conf\u00edan en nosotros para construir y gestionar equipos nearshore dedicados porque ofrecemos certeza jur\u00eddica bajo contratos estadounidenses y ejecutamos operaciones en Latinoam\u00e9rica alineadas con los m\u00e1s altos est\u00e1ndares internacionales de cumplimiento.<\/span><\/p>\t\t\t\t\t\t\t\t<\/div>\n\t\t\t\t<\/div>\n\t\t<div class=\"elementor-element elementor-element-e1bfb8d e-con-full e-flex e-con e-child\" data-id=\"e1bfb8d\" data-element_type=\"container\">\n\t\t\t\t<div class=\"elementor-element elementor-element-46577db elementor-widget elementor-widget-image\" data-id=\"46577db\" data-element_type=\"widget\" data-widget_type=\"image.default\">\n\t\t\t\t\t\t\t\t\t\t\t\t\t\t\t<img fetchpriority=\"high\" decoding=\"async\" width=\"947\" height=\"660\" src=\"https:\/\/nearbridgeglobal.com\/es\/wp-content\/uploads\/2025\/10\/Cumplimiento-y-certificaciones-en-Nearbridge-Global.jpg\" class=\"attachment-full size-full wp-image-1184\" alt=\"Cumplimiento y certificaciones en Nearbridge global\" srcset=\"https:\/\/nearbridgeglobal.com\/es\/wp-content\/uploads\/2025\/10\/Cumplimiento-y-certificaciones-en-Nearbridge-Global.jpg 947w, https:\/\/nearbridgeglobal.com\/es\/wp-content\/uploads\/2025\/10\/Cumplimiento-y-certificaciones-en-Nearbridge-Global-300x209.jpg 300w, https:\/\/nearbridgeglobal.com\/es\/wp-content\/uploads\/2025\/10\/Cumplimiento-y-certificaciones-en-Nearbridge-Global-768x535.jpg 768w\" sizes=\"(max-width: 947px) 100vw, 947px\" \/>\t\t\t\t\t\t\t\t\t\t\t\t\t\t\t<\/div>\n\t\t\t\t<\/div>\n\t\t\t\t\t<\/div>\n\t\t\t\t<\/div>\n\t\t<div class=\"elementor-element elementor-element-a0691c0 e-flex e-con-boxed e-con e-parent\" data-id=\"a0691c0\" data-element_type=\"container\" data-settings=\"{&quot;background_background&quot;:&quot;classic&quot;}\">\n\t\t\t\t\t<div class=\"e-con-inner\">\n\t\t<div class=\"elementor-element elementor-element-48d2258 e-con-full e-flex e-con e-child\" data-id=\"48d2258\" data-element_type=\"container\">\n\t\t\t\t<div class=\"elementor-element elementor-element-2ee68ad elementor-widget elementor-widget-heading\" data-id=\"2ee68ad\" data-element_type=\"widget\" data-widget_type=\"heading.default\">\n\t\t\t\t\t<h2 class=\"elementor-heading-title elementor-size-default\">Marco de cumplimiento global<\/h2>\t\t\t\t<\/div>\n\t\t\t\t<div class=\"elementor-element elementor-element-d442fa2 elementor-widget elementor-widget-heading\" data-id=\"d442fa2\" data-element_type=\"widget\" data-widget_type=\"heading.default\">\n\t\t\t\t\t<h3 class=\"elementor-heading-title elementor-size-default\">HIPAA<\/h3>\t\t\t\t<\/div>\n\t\t\t\t<div class=\"elementor-element elementor-element-b9c90d3 elementor-widget elementor-widget-text-editor\" data-id=\"b9c90d3\" data-element_type=\"widget\" data-widget_type=\"text-editor.default\">\n\t\t\t\t\t\t\t\t\t<p><span style=\"font-weight: 400;\">Todos nuestros equipos en el sector salud y RCM est\u00e1n formados en la Ley de Portabilidad y Responsabilidad de Seguros de Salud (HIPAA). Implementamos pol\u00edticas estrictas de privacidad y seguridad para proteger la informaci\u00f3n m\u00e9dica sensible.<\/span><\/p>\t\t\t\t\t\t\t\t<\/div>\n\t\t\t\t<div class=\"elementor-element elementor-element-bab90bf elementor-widget elementor-widget-heading\" data-id=\"bab90bf\" data-element_type=\"widget\" data-widget_type=\"heading.default\">\n\t\t\t\t\t<h3 class=\"elementor-heading-title elementor-size-default\">SOC 2 Type II<\/h3>\t\t\t\t<\/div>\n\t\t\t\t<div class=\"elementor-element elementor-element-6b00893 elementor-widget elementor-widget-text-editor\" data-id=\"6b00893\" data-element_type=\"widget\" data-widget_type=\"text-editor.default\">\n\t\t\t\t\t\t\t\t\t<p><span style=\"font-weight: 400;\">Nearbridge est\u00e1 certificado en SOC 2 Type II, lo que garantiza controles s\u00f3lidos sobre seguridad, disponibilidad, procesamiento de datos, integridad y confidencialidad.<\/span><\/p>\t\t\t\t\t\t\t\t<\/div>\n\t\t\t\t<div class=\"elementor-element elementor-element-fd1696c elementor-widget elementor-widget-heading\" data-id=\"fd1696c\" data-element_type=\"widget\" data-widget_type=\"heading.default\">\n\t\t\t\t\t<h3 class=\"elementor-heading-title elementor-size-default\">ISO 27001<\/h3>\t\t\t\t<\/div>\n\t\t\t\t<div class=\"elementor-element elementor-element-3d29352 elementor-widget elementor-widget-text-editor\" data-id=\"3d29352\" data-element_type=\"widget\" data-widget_type=\"text-editor.default\">\n\t\t\t\t\t\t\t\t\t<p><span style=\"font-weight: 400;\">Nuestros procesos siguen la norma ISO 27001 para gesti\u00f3n de seguridad de la informaci\u00f3n, incluyendo auditor\u00edas regulares, gesti\u00f3n de accesos y protocolos de respuesta a incidentes.<\/span><\/p>\t\t\t\t\t\t\t\t<\/div>\n\t\t\t\t<\/div>\n\t\t<div class=\"elementor-element elementor-element-ac6fd9f e-con-full e-flex e-con e-child\" data-id=\"ac6fd9f\" data-element_type=\"container\">\n\t\t\t\t<div class=\"elementor-element elementor-element-2396a05 elementor-widget elementor-widget-image\" data-id=\"2396a05\" data-element_type=\"widget\" data-widget_type=\"image.default\">\n\t\t\t\t\t\t\t\t\t\t\t\t\t\t\t<img decoding=\"async\" width=\"947\" height=\"674\" src=\"https:\/\/nearbridgeglobal.com\/es\/wp-content\/uploads\/2025\/10\/Cumplimiento-y-certificaciones-marco-de-cumplimiento-global-Nearbridge-Global.jpg\" class=\"attachment-full size-full wp-image-1185\" alt=\"Cumplimiento y certificaciones marco de cumplimiento legal con Nearbridge global\" srcset=\"https:\/\/nearbridgeglobal.com\/es\/wp-content\/uploads\/2025\/10\/Cumplimiento-y-certificaciones-marco-de-cumplimiento-global-Nearbridge-Global.jpg 947w, https:\/\/nearbridgeglobal.com\/es\/wp-content\/uploads\/2025\/10\/Cumplimiento-y-certificaciones-marco-de-cumplimiento-global-Nearbridge-Global-300x214.jpg 300w, https:\/\/nearbridgeglobal.com\/es\/wp-content\/uploads\/2025\/10\/Cumplimiento-y-certificaciones-marco-de-cumplimiento-global-Nearbridge-Global-768x547.jpg 768w\" sizes=\"(max-width: 947px) 100vw, 947px\" \/>\t\t\t\t\t\t\t\t\t\t\t\t\t\t\t<\/div>\n\t\t\t\t<\/div>\n\t\t\t\t\t<\/div>\n\t\t\t\t<\/div>\n\t\t<div class=\"elementor-element elementor-element-231fdbf e-flex e-con-boxed e-con e-parent\" data-id=\"231fdbf\" data-element_type=\"container\">\n\t\t\t\t\t<div class=\"e-con-inner\">\n\t\t<div class=\"elementor-element elementor-element-5809bd4 e-con-full e-flex e-con e-child\" data-id=\"5809bd4\" data-element_type=\"container\">\n\t\t\t\t<div class=\"elementor-element elementor-element-ae35623 elementor-widget elementor-widget-image\" data-id=\"ae35623\" data-element_type=\"widget\" data-widget_type=\"image.default\">\n\t\t\t\t\t\t\t\t\t\t\t\t\t\t\t<img decoding=\"async\" width=\"600\" height=\"686\" src=\"https:\/\/nearbridgeglobal.com\/es\/wp-content\/uploads\/2025\/10\/2-marco-de-cumplimiento-global-Nearbridge-Global.jpg\" class=\"attachment-full size-full wp-image-1187\" alt=\"Marco de cumplimiento global - Nearbridge global\" srcset=\"https:\/\/nearbridgeglobal.com\/es\/wp-content\/uploads\/2025\/10\/2-marco-de-cumplimiento-global-Nearbridge-Global.jpg 600w, https:\/\/nearbridgeglobal.com\/es\/wp-content\/uploads\/2025\/10\/2-marco-de-cumplimiento-global-Nearbridge-Global-262x300.jpg 262w\" sizes=\"(max-width: 600px) 100vw, 600px\" \/>\t\t\t\t\t\t\t\t\t\t\t\t\t\t\t<\/div>\n\t\t\t\t<\/div>\n\t\t<div class=\"elementor-element elementor-element-196eacc e-con-full e-flex e-con e-child\" data-id=\"196eacc\" data-element_type=\"container\">\n\t\t\t\t<div class=\"elementor-element elementor-element-780e42e elementor-widget elementor-widget-heading\" data-id=\"780e42e\" data-element_type=\"widget\" data-widget_type=\"heading.default\">\n\t\t\t\t\t<span class=\"elementor-heading-title elementor-size-default\">NEARBRIDGE<\/span>\t\t\t\t<\/div>\n\t\t\t\t<div class=\"elementor-element elementor-element-5392854 elementor-widget elementor-widget-heading\" data-id=\"5392854\" data-element_type=\"widget\" data-widget_type=\"heading.default\">\n\t\t\t\t\t<h2 class=\"elementor-heading-title elementor-size-default\">Pr\u00e1cticas de seguridad <br><span style=\"color:#c19d61\">operativa <\/span> <\/h2>\t\t\t\t<\/div>\n\t\t<div class=\"elementor-element elementor-element-9658b4c e-con-full e-flex e-con e-child\" data-id=\"9658b4c\" data-element_type=\"container\" data-settings=\"{&quot;background_background&quot;:&quot;classic&quot;}\">\n\t\t\t\t<div class=\"elementor-element elementor-element-29ff418 elementor-widget elementor-widget-heading\" data-id=\"29ff418\" data-element_type=\"widget\" data-widget_type=\"heading.default\">\n\t\t\t\t\t<h3 class=\"elementor-heading-title elementor-size-default\">Controles de acceso basados en roles<\/h3>\t\t\t\t<\/div>\n\t\t\t\t<div class=\"elementor-element elementor-element-dbba989 elementor-widget elementor-widget-text-editor\" data-id=\"dbba989\" data-element_type=\"widget\" data-widget_type=\"text-editor.default\">\n\t\t\t\t\t\t\t\t\t<p><span style=\"font-weight: 400;\">Los equipos trabajan bajo un esquema de privilegios m\u00ednimos, con autenticaci\u00f3n multifactor y acceso segmentado a sistemas y datos.<\/span><\/p>\t\t\t\t\t\t\t\t<\/div>\n\t\t\t\t<div class=\"elementor-element elementor-element-7fe8ae5 elementor-widget elementor-widget-heading\" data-id=\"7fe8ae5\" data-element_type=\"widget\" data-widget_type=\"heading.default\">\n\t\t\t\t\t<h3 class=\"elementor-heading-title elementor-size-default\">Comunicaci\u00f3n y almacenamiento encriptados<\/h3>\t\t\t\t<\/div>\n\t\t\t\t<div class=\"elementor-element elementor-element-0757ead elementor-widget elementor-widget-text-editor\" data-id=\"0757ead\" data-element_type=\"widget\" data-widget_type=\"text-editor.default\">\n\t\t\t\t\t\t\t\t\t<p><span style=\"font-weight: 400;\">Todas las interacciones con datos sensibles est\u00e1n protegidas con cifrado TLS 1.2+ y almacenamiento seguro conforme a SOC 2 e ISO.<\/span><\/p>\t\t\t\t\t\t\t\t<\/div>\n\t\t\t\t<div class=\"elementor-element elementor-element-2c1f4c9 elementor-widget elementor-widget-heading\" data-id=\"2c1f4c9\" data-element_type=\"widget\" data-widget_type=\"heading.default\">\n\t\t\t\t\t<h3 class=\"elementor-heading-title elementor-size-default\">Auditor\u00edas internas y externas<\/h3>\t\t\t\t<\/div>\n\t\t\t\t<div class=\"elementor-element elementor-element-2c99e3f elementor-widget elementor-widget-text-editor\" data-id=\"2c99e3f\" data-element_type=\"widget\" data-widget_type=\"text-editor.default\">\n\t\t\t\t\t\t\t\t\t<p><span style=\"font-weight: 400;\">Realizamos evaluaciones regulares de cumplimiento, auditor\u00edas de terceros y simulaciones de respuesta a incidentes para asegurar preparaci\u00f3n continua.<\/span><\/p>\t\t\t\t\t\t\t\t<\/div>\n\t\t\t\t<\/div>\n\t\t\t\t<\/div>\n\t\t<div class=\"elementor-element elementor-element-90f591a e-con-full e-flex e-con e-child\" data-id=\"90f591a\" data-element_type=\"container\">\n\t\t\t\t<div class=\"elementor-element elementor-element-16d5d04 elementor-widget elementor-widget-image\" data-id=\"16d5d04\" data-element_type=\"widget\" data-widget_type=\"image.default\">\n\t\t\t\t\t\t\t\t\t\t\t\t\t\t\t<img loading=\"lazy\" decoding=\"async\" width=\"600\" height=\"686\" src=\"https:\/\/nearbridgeglobal.com\/es\/wp-content\/uploads\/2025\/10\/1-marco-de-cumplimiento-global-Nearbridge-Global.jpg\" class=\"attachment-full size-full wp-image-1186\" alt=\"Marco de cumplimiento global - Nearbridge global\" srcset=\"https:\/\/nearbridgeglobal.com\/es\/wp-content\/uploads\/2025\/10\/1-marco-de-cumplimiento-global-Nearbridge-Global.jpg 600w, https:\/\/nearbridgeglobal.com\/es\/wp-content\/uploads\/2025\/10\/1-marco-de-cumplimiento-global-Nearbridge-Global-262x300.jpg 262w\" sizes=\"(max-width: 600px) 100vw, 600px\" \/>\t\t\t\t\t\t\t\t\t\t\t\t\t\t\t<\/div>\n\t\t\t\t<\/div>\n\t\t\t\t\t<\/div>\n\t\t\t\t<\/div>\n\t\t<div class=\"elementor-element elementor-element-1b7a807 e-con-full e-flex e-con e-parent\" data-id=\"1b7a807\" data-element_type=\"container\" data-settings=\"{&quot;background_background&quot;:&quot;classic&quot;}\">\n\t\t\t\t<div class=\"elementor-element elementor-element-8c9fdcf elementor-widget elementor-widget-heading\" data-id=\"8c9fdcf\" data-element_type=\"widget\" data-widget_type=\"heading.default\">\n\t\t\t\t\t<span class=\"elementor-heading-title elementor-size-default\">NEARBRIDGE<\/span>\t\t\t\t<\/div>\n\t\t\t\t<div class=\"elementor-element elementor-element-2eff699 elementor-widget elementor-widget-heading\" data-id=\"2eff699\" data-element_type=\"widget\" data-widget_type=\"heading.default\">\n\t\t\t\t\t<h2 class=\"elementor-heading-title elementor-size-default\">Contratos legales bajo jurisdicci\u00f3n de EE. UU.<\/h2>\t\t\t\t<\/div>\n\t\t\t\t<div class=\"elementor-element elementor-element-2b80400 elementor-widget__width-initial elementor-widget elementor-widget-text-editor\" data-id=\"2b80400\" data-element_type=\"widget\" data-widget_type=\"text-editor.default\">\n\t\t\t\t\t\t\t\t\t<p><span style=\"font-weight: 400;\">Aunque nuestros equipos operan desde Colombia y Latinoam\u00e9rica, todos los contratos se establecen bajo ley estadounidense (Delaware). Esto brinda a nuestros clientes certeza legal, protecci\u00f3n de responsabilidad y transparencia en la relaci\u00f3n comercial.<\/span><\/p>\t\t\t\t\t\t\t\t<\/div>\n\t\t<div class=\"elementor-element elementor-element-a5d0303 e-con-full e-flex e-con e-child\" data-id=\"a5d0303\" data-element_type=\"container\" data-settings=\"{&quot;background_background&quot;:&quot;classic&quot;}\">\n\t\t<div class=\"elementor-element elementor-element-f9bf47c e-grid e-con-full e-con e-child\" data-id=\"f9bf47c\" data-element_type=\"container\">\n\t\t<div class=\"elementor-element elementor-element-d3f31dc e-con-full e-flex e-con e-child\" data-id=\"d3f31dc\" data-element_type=\"container\">\n\t\t<div class=\"elementor-element elementor-element-8aa09de e-con-full e-flex e-con e-child\" data-id=\"8aa09de\" data-element_type=\"container\">\n\t\t\t\t<div class=\"elementor-element elementor-element-8fa0328 elementor-widget elementor-widget-heading\" data-id=\"8fa0328\" data-element_type=\"widget\" data-widget_type=\"heading.default\">\n\t\t\t\t\t<h2 class=\"elementor-heading-title elementor-size-default\">C\u00f3mo respaldamos tu cumplimiento<\/h2>\t\t\t\t<\/div>\n\t\t\t\t<div class=\"elementor-element elementor-element-56ca9c4 elementor-widget elementor-widget-heading\" data-id=\"56ca9c4\" data-element_type=\"widget\" data-widget_type=\"heading.default\">\n\t\t\t\t\t<h3 class=\"elementor-heading-title elementor-size-default\">Cada equipo nearshore de Nearbridge incluye:<\/h3>\t\t\t\t<\/div>\n\t\t\t\t<\/div>\n\t\t\t\t<\/div>\n\t\t<div class=\"elementor-element elementor-element-3a2d489 e-con-full e-flex e-con e-child\" data-id=\"3a2d489\" data-element_type=\"container\">\n\t\t<div class=\"elementor-element elementor-element-7e45795 e-con-full e-flex e-con e-child\" data-id=\"7e45795\" data-element_type=\"container\">\n\t\t\t\t<div class=\"elementor-element elementor-element-c8ca819 elementor-widget elementor-widget-text-editor\" data-id=\"c8ca819\" data-element_type=\"widget\" data-widget_type=\"text-editor.default\">\n\t\t\t\t\t\t\t\t\t<ul><li style=\"font-weight: 400;\" aria-level=\"1\"><span style=\"font-weight: 400;\">Documentaci\u00f3n completa y actualizada de cumplimiento<\/span><\/li><li style=\"font-weight: 400;\" aria-level=\"1\"><span style=\"font-weight: 400;\">NDA individuales y corporativos firmados en EE. UU.<\/span><span style=\"font-weight: 400;\"><br \/><\/span><\/li><li style=\"font-weight: 400;\" aria-level=\"1\"><span style=\"font-weight: 400;\">Reportes SLA con m\u00e9tricas de seguridad y desempe\u00f1o<\/span><span style=\"font-weight: 400;\"><br \/><\/span><\/li><li style=\"font-weight: 400;\" aria-level=\"1\"><span style=\"font-weight: 400;\">Capacitaci\u00f3n continua en privacidad y cumplimiento<\/span><\/li><\/ul><p><span style=\"font-weight: 400;\">As\u00ed aseguramos que tus operaciones externalizadas sean tan seguras y confiables como las internas.<\/span><\/p>\t\t\t\t\t\t\t\t<\/div>\n\t\t\t\t<\/div>\n\t\t\t\t<\/div>\n\t\t\t\t<\/div>\n\t\t\t\t<\/div>\n\t\t\t\t<\/div>\n\t\t<div class=\"elementor-element elementor-element-007d868 e-con-full e-flex e-con e-parent\" data-id=\"007d868\" data-element_type=\"container\" data-settings=\"{&quot;background_background&quot;:&quot;classic&quot;}\">\n\t\t\t\t<div class=\"elementor-element elementor-element-3fe7cd6 elementor-widget elementor-widget-heading\" data-id=\"3fe7cd6\" data-element_type=\"widget\" data-widget_type=\"heading.default\">\n\t\t\t\t\t<span class=\"elementor-heading-title elementor-size-default\">NEARBRIDGE<\/span>\t\t\t\t<\/div>\n\t\t\t\t<div class=\"elementor-element elementor-element-e97169a elementor-widget elementor-widget-heading\" data-id=\"e97169a\" data-element_type=\"widget\" data-widget_type=\"heading.default\">\n\t\t\t\t\t<h2 class=\"elementor-heading-title elementor-size-default\">Nearbridge: tu socio de confianza en seguridad y cumplimiento<\/h2>\t\t\t\t<\/div>\n\t\t\t\t<div class=\"elementor-element elementor-element-ecab82f elementor-widget__width-initial elementor-widget elementor-widget-text-editor\" data-id=\"ecab82f\" data-element_type=\"widget\" data-widget_type=\"text-editor.default\">\n\t\t\t\t\t\t\t\t\t<p><span style=\"font-weight: 400;\">Al elegir Nearbridge, no solo externalizas operaciones: aseguras que tu negocio cumpla con las normas m\u00e1s estrictas de la industria, con protecci\u00f3n legal y t\u00e9cnica en cada etapa.<\/span><\/p><p><b>Agenda una sesi\u00f3n estrat\u00e9gica gratuita<\/b><span style=\"font-weight: 400;\"> o cont\u00e1ctanos para descubrir c\u00f3mo podemos ayudarte a escalar de manera segura.<\/span><\/p>\t\t\t\t\t\t\t\t<\/div>\n\t\t\t\t<div class=\"elementor-element elementor-element-94fc824 elementor-align-center btn-circle elementor-widget elementor-widget-button\" data-id=\"94fc824\" data-element_type=\"widget\" data-widget_type=\"button.default\">\n\t\t\t\t\t\t\t\t\t\t<a class=\"elementor-button elementor-button-link elementor-size-sm\" href=\"https:\/\/nearbridgeglobal.com\/es\/contacto\/\">\n\t\t\t\t\t\t<span class=\"elementor-button-content-wrapper\">\n\t\t\t\t\t\t<span class=\"elementor-button-icon\">\n\t\t\t\t<svg xmlns=\"http:\/\/www.w3.org\/2000\/svg\" xmlns:xlink=\"http:\/\/www.w3.org\/1999\/xlink\" width=\"512\" height=\"512\" x=\"0\" y=\"0\" viewBox=\"0 0 492.004 492.004\" style=\"enable-background:new 0 0 512 512\" xml:space=\"preserve\" class=\"\"><g><path d=\"M382.678 226.804 163.73 7.86C158.666 2.792 151.906 0 144.698 0s-13.968 2.792-19.032 7.86l-16.124 16.12c-10.492 10.504-10.492 27.576 0 38.064L293.398 245.9l-184.06 184.06c-5.064 5.068-7.86 11.824-7.86 19.028 0 7.212 2.796 13.968 7.86 19.04l16.124 16.116c5.068 5.068 11.824 7.86 19.032 7.86s13.968-2.792 19.032-7.86L382.678 265c5.076-5.084 7.864-11.872 7.848-19.088.016-7.244-2.772-14.028-7.848-19.108z\" fill=\"#2e4b5f\" opacity=\"1\" data-original=\"#000000\" class=\"\"><\/path><\/g><\/svg>\t\t\t<\/span>\n\t\t\t\t\t\t\t\t\t<span class=\"elementor-button-text\">Agenda una sesi\u00f3n de estrategia gratuita<\/span>\n\t\t\t\t\t<\/span>\n\t\t\t\t\t<\/a>\n\t\t\t\t\t\t\t\t<\/div>\n\t\t\t\t<\/div>\n\t\t<div class=\"elementor-element elementor-element-b1a3cb7 e-flex e-con-boxed e-con e-parent\" data-id=\"b1a3cb7\" data-element_type=\"container\">\n\t\t\t\t\t<div class=\"e-con-inner\">\n\t\t<div class=\"elementor-element elementor-element-0456449 e-con-full e-flex e-con e-child\" data-id=\"0456449\" data-element_type=\"container\">\n\t\t\t\t<div class=\"elementor-element elementor-element-50c1234 elementor-widget elementor-widget-heading\" data-id=\"50c1234\" data-element_type=\"widget\" data-widget_type=\"heading.default\">\n\t\t\t\t\t<span class=\"elementor-heading-title elementor-size-default\">NEARBRIDGE<\/span>\t\t\t\t<\/div>\n\t\t\t\t<div class=\"elementor-element elementor-element-8c1aafb elementor-widget elementor-widget-heading\" data-id=\"8c1aafb\" data-element_type=\"widget\" data-widget_type=\"heading.default\">\n\t\t\t\t\t<h2 class=\"elementor-heading-title elementor-size-default\">Preguntas <span style=\"color:#c19d61\">Frecuentes<\/span> <\/h2>\t\t\t\t<\/div>\n\t\t<div class=\"elementor-element elementor-element-be49f2c e-con-full e-flex e-con e-child\" data-id=\"be49f2c\" data-element_type=\"container\" data-settings=\"{&quot;background_background&quot;:&quot;classic&quot;}\">\n\t\t\t\t<div class=\"elementor-element elementor-element-402b14e elementor-widget elementor-widget-heading\" data-id=\"402b14e\" data-element_type=\"widget\" data-widget_type=\"heading.default\">\n\t\t\t\t\t<h3 class=\"elementor-heading-title elementor-size-default\">\u00bfQu\u00e9 certificaciones tiene Nearbridge?<\/h3>\t\t\t\t<\/div>\n\t\t\t\t<div class=\"elementor-element elementor-element-515ebb5 elementor-widget elementor-widget-text-editor\" data-id=\"515ebb5\" data-element_type=\"widget\" data-widget_type=\"text-editor.default\">\n\t\t\t\t\t\t\t\t\t<p><span style=\"font-weight: 400;\">HIPAA, SOC 2 Type II e ISO 27001, aplicadas a todos los equipos y servicios que brindamos.<\/span><\/p>\t\t\t\t\t\t\t\t<\/div>\n\t\t\t\t<div class=\"elementor-element elementor-element-cb0687b elementor-widget elementor-widget-heading\" data-id=\"cb0687b\" data-element_type=\"widget\" data-widget_type=\"heading.default\">\n\t\t\t\t\t<h3 class=\"elementor-heading-title elementor-size-default\">\u00bfC\u00f3mo garantizan la seguridad de datos en Latinoam\u00e9rica?<\/h3>\t\t\t\t<\/div>\n\t\t\t\t<div class=\"elementor-element elementor-element-e8ce5ee elementor-widget elementor-widget-text-editor\" data-id=\"e8ce5ee\" data-element_type=\"widget\" data-widget_type=\"text-editor.default\">\n\t\t\t\t\t\t\t\t\t<p><span style=\"font-weight: 400;\">Con protocolos de encriptaci\u00f3n, controles de acceso, auditor\u00edas internas y entornos de trabajo monitoreados.<\/span><\/p>\t\t\t\t\t\t\t\t<\/div>\n\t\t\t\t<div class=\"elementor-element elementor-element-a13def0 elementor-widget elementor-widget-heading\" data-id=\"a13def0\" data-element_type=\"widget\" data-widget_type=\"heading.default\">\n\t\t\t\t\t<h3 class=\"elementor-heading-title elementor-size-default\">\u00bfNuestros auditores pueden revisar sus controles?<\/h3>\t\t\t\t<\/div>\n\t\t\t\t<div class=\"elementor-element elementor-element-44ecec1 elementor-widget elementor-widget-text-editor\" data-id=\"44ecec1\" data-element_type=\"widget\" data-widget_type=\"text-editor.default\">\n\t\t\t\t\t\t\t\t\t<p><span style=\"font-weight: 400;\">S\u00ed. Ofrecemos acceso a documentaci\u00f3n, reportes de auditor\u00eda y sesiones con nuestros responsables de cumplimiento<\/span><\/p>\t\t\t\t\t\t\t\t<\/div>\n\t\t\t\t<\/div>\n\t\t\t\t<\/div>\n\t\t\t\t\t<\/div>\n\t\t\t\t<\/div>\n\t\t\t\t<\/div>\n\t\t","protected":false},"excerpt":{"rendered":"<p>Cumplimiento y Certificaciones En Nearbridge, la seguridad, el cumplimiento y la transparencia no son opcionales: son la base de todo lo que hacemos. Nuestros clientes en EE. UU. conf\u00edan en nosotros para construir y gestionar equipos nearshore dedicados porque ofrecemos certeza jur\u00eddica bajo contratos estadounidenses y ejecutamos operaciones en Latinoam\u00e9rica alineadas con los m\u00e1s altos [&hellip;]<\/p>\n","protected":false},"author":1,"featured_media":0,"parent":0,"menu_order":0,"comment_status":"closed","ping_status":"closed","template":"elementor_header_footer","meta":{"_acf_changed":false,"footnotes":""},"class_list":["post-268","page","type-page","status-publish","hentry"],"acf":[],"_links":{"self":[{"href":"https:\/\/nearbridgeglobal.com\/es\/wp-json\/wp\/v2\/pages\/268","targetHints":{"allow":["GET"]}}],"collection":[{"href":"https:\/\/nearbridgeglobal.com\/es\/wp-json\/wp\/v2\/pages"}],"about":[{"href":"https:\/\/nearbridgeglobal.com\/es\/wp-json\/wp\/v2\/types\/page"}],"author":[{"embeddable":true,"href":"https:\/\/nearbridgeglobal.com\/es\/wp-json\/wp\/v2\/users\/1"}],"replies":[{"embeddable":true,"href":"https:\/\/nearbridgeglobal.com\/es\/wp-json\/wp\/v2\/comments?post=268"}],"version-history":[{"count":20,"href":"https:\/\/nearbridgeglobal.com\/es\/wp-json\/wp\/v2\/pages\/268\/revisions"}],"predecessor-version":[{"id":1272,"href":"https:\/\/nearbridgeglobal.com\/es\/wp-json\/wp\/v2\/pages\/268\/revisions\/1272"}],"wp:attachment":[{"href":"https:\/\/nearbridgeglobal.com\/es\/wp-json\/wp\/v2\/media?parent=268"}],"curies":[{"name":"wp","href":"https:\/\/api.w.org\/{rel}","templated":true}]}}